{"id":3465,"date":"2020-08-26T08:22:09","date_gmt":"2020-08-26T01:22:09","guid":{"rendered":"http:\/\/saac.com.vn\/cong-ty-tnhh-ke-toan-kiem-toan-phuong-nam\/"},"modified":"2023-08-31T15:27:48","modified_gmt":"2023-08-31T08:27:48","slug":"cong-ty-tnhh-ke-toan-kiem-toan-phuong-nam","status":"publish","type":"page","link":"https:\/\/saac.vn\/zh-hans\/","title":{"rendered":"\u4e3b\u9875"},"content":{"rendered":"","protected":false},"excerpt":{"rendered":"","protected":false},"author":1,"featured_media":0,"parent":0,"menu_order":0,"comment_status":"closed","ping_status":"closed","template":"page-template\/home-template.php","meta":{"_acf_changed":false,"footnotes":""},"acf":[],"yoast_head":"<!-- This site is optimized with the Yoast SEO plugin v22.6 - https:\/\/yoast.com\/wordpress\/plugins\/seo\/ -->\n<title>C\u00f4ng Ty TNHH K\u1ebf To\u00e1n &amp; Ki\u1ec3m To\u00e1n Ph\u01b0\u01a1ng Nam - SAAC<\/title>\n<meta name=\"description\" content=\"Chuy\u00ean cung c\u1ea5p c\u00e1c d\u1ecbch v\u1ee5 k\u1ebf to\u00e1n, ki\u1ec3m to\u00e1n, t\u01b0 v\u1ea5n t\u00e0i ch\u00ednh\u2026 N\u0103ng l\u1ef1c l\u00f5i c\u00f4ng ty ch\u00fang t\u00f4i x\u00e2y d\u1ef1ng d\u1ef1a tr\u00ean t\u00ednh chuy\u00ean nghi\u1ec7p, t\u1eadn t\u00e2m\" \/>\n<meta name=\"robots\" content=\"index, follow, max-snippet:-1, max-image-preview:large, max-video-preview:-1\" \/>\n<link rel=\"canonical\" href=\"https:\/\/saac.vn\/zh-hans\/\" \/>\n<meta property=\"og:locale\" content=\"zh_CN\" \/>\n<meta property=\"og:type\" content=\"article\" \/>\n<meta property=\"og:title\" content=\"C\u00f4ng Ty TNHH K\u1ebf To\u00e1n &amp; Ki\u1ec3m To\u00e1n Ph\u01b0\u01a1ng Nam - SAAC\" \/>\n<meta property=\"og:description\" content=\"Chuy\u00ean cung c\u1ea5p c\u00e1c d\u1ecbch v\u1ee5 k\u1ebf to\u00e1n, ki\u1ec3m to\u00e1n, t\u01b0 v\u1ea5n t\u00e0i ch\u00ednh\u2026 N\u0103ng l\u1ef1c l\u00f5i c\u00f4ng ty ch\u00fang t\u00f4i x\u00e2y d\u1ef1ng d\u1ef1a tr\u00ean t\u00ednh chuy\u00ean nghi\u1ec7p, t\u1eadn t\u00e2m\" \/>\n<meta property=\"og:url\" content=\"https:\/\/saac.vn\/zh-hans\/\" \/>\n<meta property=\"og:site_name\" content=\"SAAC\" \/>\n<meta property=\"article:modified_time\" content=\"2023-08-31T08:27:48+00:00\" \/>\n<meta name=\"twitter:card\" content=\"summary_large_image\" \/>\n<script type=\"application\/ld+json\" class=\"yoast-schema-graph\">{\"@context\":\"https:\/\/schema.org\",\"@graph\":[{\"@type\":\"WebPage\",\"@id\":\"https:\/\/saac.vn\/zh-hans\/\",\"url\":\"https:\/\/saac.vn\/zh-hans\/\",\"name\":\"C\u00f4ng Ty TNHH K\u1ebf To\u00e1n & Ki\u1ec3m To\u00e1n Ph\u01b0\u01a1ng Nam - SAAC\",\"isPartOf\":{\"@id\":\"https:\/\/saac.vn\/#website\"},\"datePublished\":\"2020-08-26T01:22:09+00:00\",\"dateModified\":\"2023-08-31T08:27:48+00:00\",\"description\":\"Chuy\u00ean cung c\u1ea5p c\u00e1c d\u1ecbch v\u1ee5 k\u1ebf to\u00e1n, ki\u1ec3m to\u00e1n, t\u01b0 v\u1ea5n t\u00e0i ch\u00ednh\u2026 N\u0103ng l\u1ef1c l\u00f5i c\u00f4ng ty ch\u00fang t\u00f4i x\u00e2y d\u1ef1ng d\u1ef1a tr\u00ean t\u00ednh chuy\u00ean nghi\u1ec7p, t\u1eadn t\u00e2m\",\"breadcrumb\":{\"@id\":\"https:\/\/saac.vn\/zh-hans\/#breadcrumb\"},\"inLanguage\":\"zh-Hans\",\"potentialAction\":[{\"@type\":\"ReadAction\",\"target\":[\"https:\/\/saac.vn\/zh-hans\/\"]}]},{\"@type\":\"BreadcrumbList\",\"@id\":\"https:\/\/saac.vn\/zh-hans\/#breadcrumb\",\"itemListElement\":[{\"@type\":\"ListItem\",\"position\":1,\"name\":\"Home\",\"item\":\"https:\/\/saac.vn\/zh-hans\/\"},{\"@type\":\"ListItem\",\"position\":2,\"name\":\"\u4e3b\u9875\"}]},{\"@type\":\"WebSite\",\"@id\":\"https:\/\/saac.vn\/#website\",\"url\":\"https:\/\/saac.vn\/\",\"name\":\"SAAC\",\"description\":\"C\u00f4ng ty TNHH Ki\u1ec3m to\u00e1n SAAC\",\"publisher\":{\"@id\":\"https:\/\/saac.vn\/#organization\"},\"potentialAction\":[{\"@type\":\"SearchAction\",\"target\":{\"@type\":\"EntryPoint\",\"urlTemplate\":\"https:\/\/saac.vn\/?s={search_term_string}\"},\"query-input\":\"required name=search_term_string\"}],\"inLanguage\":\"zh-Hans\"},{\"@type\":\"Organization\",\"@id\":\"https:\/\/saac.vn\/#organization\",\"name\":\"SAAC\",\"url\":\"https:\/\/saac.vn\/\",\"logo\":{\"@type\":\"ImageObject\",\"inLanguage\":\"zh-Hans\",\"@id\":\"https:\/\/saac.vn\/#\/schema\/logo\/image\/\",\"url\":\"https:\/\/saac.vn\/wp-content\/uploads\/2023\/10\/cropped-FA-Logo-SAAC-Vie-01-4.png\",\"contentUrl\":\"https:\/\/saac.vn\/wp-content\/uploads\/2023\/10\/cropped-FA-Logo-SAAC-Vie-01-4.png\",\"width\":4677,\"height\":1393,\"caption\":\"SAAC\"},\"image\":{\"@id\":\"https:\/\/saac.vn\/#\/schema\/logo\/image\/\"}}]}<\/script>\n<!-- \/ Yoast SEO plugin. -->","yoast_head_json":{"title":"C\u00f4ng Ty TNHH K\u1ebf To\u00e1n & Ki\u1ec3m To\u00e1n Ph\u01b0\u01a1ng Nam - SAAC","description":"Chuy\u00ean cung c\u1ea5p c\u00e1c d\u1ecbch v\u1ee5 k\u1ebf to\u00e1n, ki\u1ec3m to\u00e1n, t\u01b0 v\u1ea5n t\u00e0i ch\u00ednh\u2026 N\u0103ng l\u1ef1c l\u00f5i c\u00f4ng ty ch\u00fang t\u00f4i x\u00e2y d\u1ef1ng d\u1ef1a tr\u00ean t\u00ednh chuy\u00ean nghi\u1ec7p, t\u1eadn t\u00e2m","robots":{"index":"index","follow":"follow","max-snippet":"max-snippet:-1","max-image-preview":"max-image-preview:large","max-video-preview":"max-video-preview:-1"},"canonical":"https:\/\/saac.vn\/zh-hans\/","og_locale":"zh_CN","og_type":"article","og_title":"C\u00f4ng Ty TNHH K\u1ebf To\u00e1n & Ki\u1ec3m To\u00e1n Ph\u01b0\u01a1ng Nam - SAAC","og_description":"Chuy\u00ean cung c\u1ea5p c\u00e1c d\u1ecbch v\u1ee5 k\u1ebf to\u00e1n, ki\u1ec3m to\u00e1n, t\u01b0 v\u1ea5n t\u00e0i ch\u00ednh\u2026 N\u0103ng l\u1ef1c l\u00f5i c\u00f4ng ty ch\u00fang t\u00f4i x\u00e2y d\u1ef1ng d\u1ef1a tr\u00ean t\u00ednh chuy\u00ean nghi\u1ec7p, t\u1eadn t\u00e2m","og_url":"https:\/\/saac.vn\/zh-hans\/","og_site_name":"SAAC","article_modified_time":"2023-08-31T08:27:48+00:00","twitter_card":"summary_large_image","schema":{"@context":"https:\/\/schema.org","@graph":[{"@type":"WebPage","@id":"https:\/\/saac.vn\/zh-hans\/","url":"https:\/\/saac.vn\/zh-hans\/","name":"C\u00f4ng Ty TNHH K\u1ebf To\u00e1n & Ki\u1ec3m To\u00e1n Ph\u01b0\u01a1ng Nam - SAAC","isPartOf":{"@id":"https:\/\/saac.vn\/#website"},"datePublished":"2020-08-26T01:22:09+00:00","dateModified":"2023-08-31T08:27:48+00:00","description":"Chuy\u00ean cung c\u1ea5p c\u00e1c d\u1ecbch v\u1ee5 k\u1ebf to\u00e1n, ki\u1ec3m to\u00e1n, t\u01b0 v\u1ea5n t\u00e0i ch\u00ednh\u2026 N\u0103ng l\u1ef1c l\u00f5i c\u00f4ng ty ch\u00fang t\u00f4i x\u00e2y d\u1ef1ng d\u1ef1a tr\u00ean t\u00ednh chuy\u00ean nghi\u1ec7p, t\u1eadn t\u00e2m","breadcrumb":{"@id":"https:\/\/saac.vn\/zh-hans\/#breadcrumb"},"inLanguage":"zh-Hans","potentialAction":[{"@type":"ReadAction","target":["https:\/\/saac.vn\/zh-hans\/"]}]},{"@type":"BreadcrumbList","@id":"https:\/\/saac.vn\/zh-hans\/#breadcrumb","itemListElement":[{"@type":"ListItem","position":1,"name":"Home","item":"https:\/\/saac.vn\/zh-hans\/"},{"@type":"ListItem","position":2,"name":"\u4e3b\u9875"}]},{"@type":"WebSite","@id":"https:\/\/saac.vn\/#website","url":"https:\/\/saac.vn\/","name":"SAAC","description":"C\u00f4ng ty TNHH Ki\u1ec3m to\u00e1n SAAC","publisher":{"@id":"https:\/\/saac.vn\/#organization"},"potentialAction":[{"@type":"SearchAction","target":{"@type":"EntryPoint","urlTemplate":"https:\/\/saac.vn\/?s={search_term_string}"},"query-input":"required name=search_term_string"}],"inLanguage":"zh-Hans"},{"@type":"Organization","@id":"https:\/\/saac.vn\/#organization","name":"SAAC","url":"https:\/\/saac.vn\/","logo":{"@type":"ImageObject","inLanguage":"zh-Hans","@id":"https:\/\/saac.vn\/#\/schema\/logo\/image\/","url":"https:\/\/saac.vn\/wp-content\/uploads\/2023\/10\/cropped-FA-Logo-SAAC-Vie-01-4.png","contentUrl":"https:\/\/saac.vn\/wp-content\/uploads\/2023\/10\/cropped-FA-Logo-SAAC-Vie-01-4.png","width":4677,"height":1393,"caption":"SAAC"},"image":{"@id":"https:\/\/saac.vn\/#\/schema\/logo\/image\/"}}]}},"_links":{"self":[{"href":"https:\/\/saac.vn\/zh-hans\/wp-json\/wp\/v2\/pages\/3465"}],"collection":[{"href":"https:\/\/saac.vn\/zh-hans\/wp-json\/wp\/v2\/pages"}],"about":[{"href":"https:\/\/saac.vn\/zh-hans\/wp-json\/wp\/v2\/types\/page"}],"author":[{"embeddable":true,"href":"https:\/\/saac.vn\/zh-hans\/wp-json\/wp\/v2\/users\/1"}],"replies":[{"embeddable":true,"href":"https:\/\/saac.vn\/zh-hans\/wp-json\/wp\/v2\/comments?post=3465"}],"version-history":[{"count":3,"href":"https:\/\/saac.vn\/zh-hans\/wp-json\/wp\/v2\/pages\/3465\/revisions"}],"predecessor-version":[{"id":3867,"href":"https:\/\/saac.vn\/zh-hans\/wp-json\/wp\/v2\/pages\/3465\/revisions\/3867"}],"wp:attachment":[{"href":"https:\/\/saac.vn\/zh-hans\/wp-json\/wp\/v2\/media?parent=3465"}],"curies":[{"name":"wp","href":"https:\/\/api.w.org\/{rel}","templated":true}]}}